{"id":3428,"date":"2020-08-11T08:59:04","date_gmt":"2020-08-11T06:59:04","guid":{"rendered":"https:\/\/kraftquelle-waldhaeuser.de\/imprint\/"},"modified":"2023-07-04T19:53:05","modified_gmt":"2023-07-04T17:53:05","slug":"imprint","status":"publish","type":"page","link":"https:\/\/kraftquelle-waldhaeuser.de\/en\/imprint\/","title":{"rendered":"Imprint"},"content":{"rendered":"\t\t<div data-elementor-type=\"wp-page\" data-elementor-id=\"3428\" class=\"elementor elementor-3428 elementor-237\" data-elementor-post-type=\"page\">\n\t\t\t\t\t\t<section class=\"elementor-section elementor-top-section elementor-element elementor-element-8a66807 elementor-section-boxed elementor-section-height-default elementor-section-height-default\" data-id=\"8a66807\" data-element_type=\"section\" data-e-type=\"section\">\n\t\t\t\t\t\t\t<div class=\"elementor-background-overlay\"><\/div>\n\t\t\t\t\t\t\t<div class=\"elementor-container elementor-column-gap-default\">\n\t\t\t\t\t<div class=\"elementor-column elementor-col-100 elementor-top-column elementor-element elementor-element-7cc74ba\" data-id=\"7cc74ba\" data-element_type=\"column\" data-e-type=\"column\">\n\t\t\t<div class=\"elementor-widget-wrap elementor-element-populated\">\n\t\t\t\t\t\t<div class=\"elementor-element elementor-element-ac5078b elementor-widget elementor-widget-spacer\" data-id=\"ac5078b\" data-element_type=\"widget\" data-e-type=\"widget\" data-widget_type=\"spacer.default\">\n\t\t\t\t<div class=\"elementor-widget-container\">\n\t\t\t\t\t\t\t<div class=\"elementor-spacer\">\n\t\t\t<div class=\"elementor-spacer-inner\"><\/div>\n\t\t<\/div>\n\t\t\t\t\t\t<\/div>\n\t\t\t\t<\/div>\n\t\t\t\t\t<\/div>\n\t\t<\/div>\n\t\t\t\t\t<\/div>\n\t\t<\/section>\n\t\t\t\t<section class=\"elementor-section elementor-top-section elementor-element elementor-element-e89a7e7 elementor-section-boxed elementor-section-height-default elementor-section-height-default\" data-id=\"e89a7e7\" data-element_type=\"section\" data-e-type=\"section\">\n\t\t\t\t\t\t<div class=\"elementor-container elementor-column-gap-default\">\n\t\t\t\t\t<div class=\"elementor-column elementor-col-100 elementor-top-column elementor-element elementor-element-2582e0c\" data-id=\"2582e0c\" data-element_type=\"column\" data-e-type=\"column\">\n\t\t\t<div class=\"elementor-widget-wrap elementor-element-populated\">\n\t\t\t\t\t\t<div class=\"elementor-element elementor-element-841ec89 elementor-widget elementor-widget-heading\" data-id=\"841ec89\" data-element_type=\"widget\" data-e-type=\"widget\" data-widget_type=\"heading.default\">\n\t\t\t\t<div class=\"elementor-widget-container\">\n\t\t\t\t\t<h1 class=\"elementor-heading-title elementor-size-default\">Imprint<\/h1>\t\t\t\t<\/div>\n\t\t\t\t<\/div>\n\t\t\t\t<div class=\"elementor-element elementor-element-1f58af0 elementor-widget elementor-widget-text-editor\" data-id=\"1f58af0\" data-element_type=\"widget\" data-e-type=\"widget\" data-widget_type=\"text-editor.default\">\n\t\t\t\t<div class=\"elementor-widget-container\">\n\t\t\t\t\t\t\t\t\t<p class=\"text-center\"><strong>Kraftquelle Waldh\u00e4user &#8211; Owner Sabine Regler<\/strong><br>Lusenstra\u00dfe 23 &#8211; 94556 Waldh\u00e4user &#8211; Bavaria\/Germany<br>Tel. 0 85 53 \/ 9 79 47 20 &#8211; e-mail: <a href=\"mailto:info@kraftquelle-waldhaeuser.de\">info@kraftquelle-waldhaeuser.de<\/a><\/p>\n<p class=\"text-center\"><strong>Conception and design<\/strong><br>Agency Weissraum GmbH &#8211; Hauptstra\u00dfe 12 &#8211; 94481 Grafenau &#8211; <a href=\"https:\/\/weissraum.media\/\" target=\"_blank\" rel=\"noopener\">weissraum.media<\/a> <\/p>\n<p class=\"text-center\"><strong>Disclaimer<\/strong><br>All data and other information on this homepage of Kraftquelle Waldh\u00e4user have been created with the utmost care and are updated regularly. Kraftquelle Waldh\u00e4user nevertheless accepts no liability for the completeness or up-to-dateness of the information and other data provided. Any liability claims against Kraftquelle Waldh\u00e4user regarding damage caused by the use of any information provided, including any kind of information which is incomplete or incorrect, will therefore be rejected unless Kraftquelle Waldh\u00e4user can be proven to be at fault. Any offers are subject to change. Kraftquelle Waldh\u00e4user explicitly reserves the right to change or delete the entire offer or certain parts thereof without further notice.<\/p>\n<p class=\"text-center\"><strong>Copyright<\/strong><br>All images, the design, the content as well as the programming of this website are subject to the general protection of copyright as well as the protection of intellectual property. The distribution of any kind (analog\/digital) as well as the use of possible text parts or of used graphical material is not allowed without prior written consent of Kraftquelle Waldh\u00e4user.<\/p>\n<p class=\"text-center\"><strong>Link<\/strong><br>In the case of links to Internet pages that lie outside the area of responsibility of Kraftquelle Waldh\u00e4user, any liability or guarantee is fundamentally excluded. For damages resulting from the use of corresponding information on linked pages, only the provider of the page referred to is liable.  <\/p>\t\t\t\t\t\t\t\t<\/div>\n\t\t\t\t<\/div>\n\t\t\t\t\t<\/div>\n\t\t<\/div>\n\t\t\t\t\t<\/div>\n\t\t<\/section>\n\t\t\t\t<\/div>\n\t\t","protected":false},"excerpt":{"rendered":"<p>Imprint Kraftquelle Waldh\u00e4user &#8211; Owner Sabine ReglerLusenstra\u00dfe 23 &#8211; 94556 Waldh\u00e4user &#8211; Bavaria\/GermanyTel. 0 85 53 \/ 9 79 47 20 &#8211; e-mail: info@kraftquelle-waldhaeuser.de Conception and designAgency Weissraum GmbH &#8211; Hauptstra\u00dfe 12 &#8211; 94481 Grafenau &#8211; weissraum.media DisclaimerAll data and other information on this homepage of Kraftquelle Waldh\u00e4user have been created with the utmost care [&hellip;]<\/p>\n","protected":false},"author":4,"featured_media":0,"parent":0,"menu_order":0,"comment_status":"closed","ping_status":"closed","template":"elementor_header_footer","meta":{"site-sidebar-layout":"default","site-content-layout":"default","ast-site-content-layout":"default","site-content-style":"default","site-sidebar-style":"default","ast-global-header-display":"","ast-banner-title-visibility":"","ast-main-header-display":"","ast-hfb-above-header-display":"","ast-hfb-below-header-display":"","ast-hfb-mobile-header-display":"","site-post-title":"","ast-breadcrumbs-content":"","ast-featured-img":"","footer-sml-layout":"","ast-disable-related-posts":"","theme-transparent-header-meta":"default","adv-header-id-meta":"","stick-header-meta":"","header-above-stick-meta":"","header-main-stick-meta":"","header-below-stick-meta":"","astra-migrate-meta-layouts":"default","ast-page-background-enabled":"default","ast-page-background-meta":{"desktop":{"background-color":"","background-image":"","background-repeat":"repeat","background-position":"center center","background-size":"auto","background-attachment":"scroll","background-type":"","background-media":"","overlay-type":"","overlay-color":"","overlay-opacity":"","overlay-gradient":""},"tablet":{"background-color":"","background-image":"","background-repeat":"repeat","background-position":"center center","background-size":"auto","background-attachment":"scroll","background-type":"","background-media":"","overlay-type":"","overlay-color":"","overlay-opacity":"","overlay-gradient":""},"mobile":{"background-color":"","background-image":"","background-repeat":"repeat","background-position":"center center","background-size":"auto","background-attachment":"scroll","background-type":"","background-media":"","overlay-type":"","overlay-color":"","overlay-opacity":"","overlay-gradient":""}},"ast-content-background-meta":{"desktop":{"background-color":"var(--ast-global-color-5)","background-image":"","background-repeat":"repeat","background-position":"center center","background-size":"auto","background-attachment":"scroll","background-type":"","background-media":"","overlay-type":"","overlay-color":"","overlay-opacity":"","overlay-gradient":""},"tablet":{"background-color":"var(--ast-global-color-5)","background-image":"","background-repeat":"repeat","background-position":"center center","background-size":"auto","background-attachment":"scroll","background-type":"","background-media":"","overlay-type":"","overlay-color":"","overlay-opacity":"","overlay-gradient":""},"mobile":{"background-color":"var(--ast-global-color-5)","background-image":"","background-repeat":"repeat","background-position":"center center","background-size":"auto","background-attachment":"scroll","background-type":"","background-media":"","overlay-type":"","overlay-color":"","overlay-opacity":"","overlay-gradient":""}},"footnotes":""},"class_list":["post-3428","page","type-page","status-publish","hentry"],"_links":{"self":[{"href":"https:\/\/kraftquelle-waldhaeuser.de\/en\/wp-json\/wp\/v2\/pages\/3428","targetHints":{"allow":["GET"]}}],"collection":[{"href":"https:\/\/kraftquelle-waldhaeuser.de\/en\/wp-json\/wp\/v2\/pages"}],"about":[{"href":"https:\/\/kraftquelle-waldhaeuser.de\/en\/wp-json\/wp\/v2\/types\/page"}],"author":[{"embeddable":true,"href":"https:\/\/kraftquelle-waldhaeuser.de\/en\/wp-json\/wp\/v2\/users\/4"}],"replies":[{"embeddable":true,"href":"https:\/\/kraftquelle-waldhaeuser.de\/en\/wp-json\/wp\/v2\/comments?post=3428"}],"version-history":[{"count":0,"href":"https:\/\/kraftquelle-waldhaeuser.de\/en\/wp-json\/wp\/v2\/pages\/3428\/revisions"}],"wp:attachment":[{"href":"https:\/\/kraftquelle-waldhaeuser.de\/en\/wp-json\/wp\/v2\/media?parent=3428"}],"curies":[{"name":"wp","href":"https:\/\/api.w.org\/{rel}","templated":true}]}}